{"id":123,"date":"2022-09-21T08:50:04","date_gmt":"2022-09-21T08:50:04","guid":{"rendered":"https:\/\/dollyday.es\/golden_es\/?page_id=80"},"modified":"2024-09-03T11:52:51","modified_gmt":"2024-09-03T09:52:51","slug":"ser-sponsor","status":"publish","type":"page","link":"https:\/\/dollyday.es\/red_es\/ser-sponsor\/","title":{"rendered":"SER SPONSOR"},"content":{"rendered":"\n<p class=\"has-large-font-size\"><strong>\u00a1SER PATROCINADOR!<\/strong><\/p>\n\n\n\n<p><strong>\u00bfQuieres patrocinarnos? \u00a1Gracias!<\/strong><\/p>\n\n\n\n<p><strong>\u00bfHas le\u00eddo nuestras ventajas y sobre los privilegios que disfrutar\u00e1s?<\/strong><\/p>\n\n\n\n<p>Patrocinar el evento es muy f\u00e1cil, s\u00f3lo tienes que enviarnos un email a:<\/p>\n\n\n\n<p><strong><a href=\"mailto:sponsordollyday@gmail.com\">sponsordollyday@gmail.com<\/a><\/strong><\/p>\n\n\n\n<p>Te responderemos tan pronto como podamos y te enviaremos toda la informaci\u00f3n sobre ser patrocinador y ventajas que tiene cada rango.<\/p>\n\n\n\n<p><\/p>\n","protected":false},"excerpt":{"rendered":"<p>\u00a1SER PATROCINADOR! \u00bfQuieres patrocinarnos? \u00a1Gracias! \u00bfHas le\u00eddo nuestras ventajas y sobre los privilegios que disfrutar\u00e1s? Patrocinar el evento es muy f\u00e1cil, s\u00f3lo tienes que enviarnos un email a: sponsordollyday@gmail.com Te responderemos tan pronto como podamos y te enviaremos toda la informaci\u00f3n sobre ser patrocinador y ventajas que tiene cada rango.<\/p>\n","protected":false},"author":1,"featured_media":0,"parent":0,"menu_order":0,"comment_status":"closed","ping_status":"closed","template":"","meta":{"footnotes":""},"class_list":["post-123","page","type-page","status-publish","hentry"],"_links":{"self":[{"href":"https:\/\/dollyday.es\/red_es\/wp-json\/wp\/v2\/pages\/123","targetHints":{"allow":["GET"]}}],"collection":[{"href":"https:\/\/dollyday.es\/red_es\/wp-json\/wp\/v2\/pages"}],"about":[{"href":"https:\/\/dollyday.es\/red_es\/wp-json\/wp\/v2\/types\/page"}],"author":[{"embeddable":true,"href":"https:\/\/dollyday.es\/red_es\/wp-json\/wp\/v2\/users\/1"}],"replies":[{"embeddable":true,"href":"https:\/\/dollyday.es\/red_es\/wp-json\/wp\/v2\/comments?post=123"}],"version-history":[{"count":3,"href":"https:\/\/dollyday.es\/red_es\/wp-json\/wp\/v2\/pages\/123\/revisions"}],"predecessor-version":[{"id":377,"href":"https:\/\/dollyday.es\/red_es\/wp-json\/wp\/v2\/pages\/123\/revisions\/377"}],"wp:attachment":[{"href":"https:\/\/dollyday.es\/red_es\/wp-json\/wp\/v2\/media?parent=123"}],"curies":[{"name":"wp","href":"https:\/\/api.w.org\/{rel}","templated":true}]}}