{"id":110,"date":"2022-09-20T19:44:18","date_gmt":"2022-09-20T19:44:18","guid":{"rendered":"https:\/\/dollyday.es\/golden_es\/?page_id=9"},"modified":"2022-09-20T19:44:18","modified_gmt":"2022-09-20T19:44:18","slug":"localizacion","status":"publish","type":"page","link":"https:\/\/dollyday.es\/red_es\/localizacion\/","title":{"rendered":"LOCALIZACI\u00d3N"},"content":{"rendered":"\n<p class=\"has-medium-font-size\"><strong>SUBE A NUESTRA NAVE&#8230;<\/strong> <\/p>\n\n\n<div class=\"wp-block-image is-style-rounded\">\n<figure class=\"aligncenter size-full\"><img decoding=\"async\" src=\"https:\/\/dollyday.es\/golden_es\/wp-content\/uploads\/2022\/09\/sants.jpg\" alt=\"\" class=\"wp-image-95\"\/><\/figure>\n<\/div>\n\n\n<p class=\"has-text-align-center\" style=\"font-size:15px\">Por tercer a\u00f1o consecutivo  Dolly Day se celebrar\u00e1 en el Hotel Barcel\u00f3 Sants.<\/p>\n\n\n\n<p class=\"has-text-align-center\" style=\"font-size:15px\">Situado encima de la estaci\u00f3n principal de Barcelona con conexi\u00f3n directa al aeropuerto, renfe, larga distancia, ave, metro y autobus.<\/p>\n\n\n\n<p class=\"has-text-align-center\" style=\"font-size:15px\"> Las siguientes l\u00edneas de transporte p\u00fablico que tienen rutas que pasan cerca de Barcel\u00f3 Sants <\/p>\n\n\n\n<p class=\"has-text-align-center\" style=\"font-size:15px\">Metro: L1, L3, L5 <\/p>\n\n\n\n<p class=\"has-text-align-center\" style=\"font-size:15px\">Tren: R1, R11, R2S, R3, R4<\/p>\n\n\n\n<p class=\"has-text-align-center\" style=\"font-size:15px\">Autob\u00fas: 109, 27, D20, H10, V5, V7   <\/p>\n\n\n<p><center><iframe src=\"https:\/\/www.google.com\/maps\/embed?pb=!1m18!1m12!1m3!1d2993.767539501002!2d2.137414315425522!3d41.379134979264954!2m3!1f0!2f0!3f0!3m2!1i1024!2i768!4f13.1!3m3!1m2!1s0x12a4b51380de40c5%3A0x9fab093125bf2fa0!2sBarcel%C3%B3%20Sants!5e0!3m2!1ses!2ses!4v1663751523190!5m2!1ses!2ses\" width=\"600\" height=\"450\" style=\"border:0;\" allowfullscreen=\"\" loading=\"lazy\" referrerpolicy=\"no-referrer-when-downgrade\"><\/iframe><\/center><\/p>\n","protected":false},"excerpt":{"rendered":"<p>SUBE A NUESTRA NAVE&#8230; Por tercer a\u00f1o consecutivo Dolly Day se celebrar\u00e1 en el Hotel Barcel\u00f3 Sants. Situado encima de la estaci\u00f3n principal de Barcelona con conexi\u00f3n directa al aeropuerto, renfe, larga distancia, ave, metro y autobus. Las siguientes l\u00edneas de transporte p\u00fablico que tienen rutas que pasan cerca de Barcel\u00f3 Sants Metro: L1, L3, &hellip; <\/p>\n","protected":false},"author":1,"featured_media":0,"parent":0,"menu_order":0,"comment_status":"closed","ping_status":"closed","template":"","meta":{"footnotes":""},"class_list":["post-110","page","type-page","status-publish","hentry"],"_links":{"self":[{"href":"https:\/\/dollyday.es\/red_es\/wp-json\/wp\/v2\/pages\/110","targetHints":{"allow":["GET"]}}],"collection":[{"href":"https:\/\/dollyday.es\/red_es\/wp-json\/wp\/v2\/pages"}],"about":[{"href":"https:\/\/dollyday.es\/red_es\/wp-json\/wp\/v2\/types\/page"}],"author":[{"embeddable":true,"href":"https:\/\/dollyday.es\/red_es\/wp-json\/wp\/v2\/users\/1"}],"replies":[{"embeddable":true,"href":"https:\/\/dollyday.es\/red_es\/wp-json\/wp\/v2\/comments?post=110"}],"version-history":[{"count":0,"href":"https:\/\/dollyday.es\/red_es\/wp-json\/wp\/v2\/pages\/110\/revisions"}],"wp:attachment":[{"href":"https:\/\/dollyday.es\/red_es\/wp-json\/wp\/v2\/media?parent=110"}],"curies":[{"name":"wp","href":"https:\/\/api.w.org\/{rel}","templated":true}]}}